{"id":63,"date":"2020-08-27T01:27:08","date_gmt":"2020-08-26T23:27:08","guid":{"rendered":"https:\/\/www.mudrsmelcova.cz\/?page_id=63"},"modified":"2025-09-25T18:45:18","modified_gmt":"2025-09-25T16:45:18","slug":"kontakty","status":"publish","type":"page","link":"https:\/\/www.mudrsmelcova.cz\/?page_id=63","title":{"rendered":"Kontakty"},"content":{"rendered":"\n<p><strong>Dymokury<\/strong><em>:<\/em><\/p>\n\n\n\n<p><em><br><strong>1.m\u00e1je 99, 289 01 Dymokury<\/strong><br><strong>telefon: 325 635 120<\/strong><br><em>E-mail:&nbsp;<strong>drsmelcova@gmail.com<\/strong><\/em><\/em><\/p>\n\n\n\n<p><strong>Pokud pot\u0159ebujete p\u0159edepsat l\u00e9ky, napi\u0161te n\u00e1m na n\u00e1\u0161 email<\/strong>: <em>drsmelcova@gmail.com<\/em><\/p>\n\n\n\n<figure class=\"wp-block-image size-large\"><img loading=\"lazy\" decoding=\"async\" width=\"139\" height=\"140\" src=\"https:\/\/www.mudrsmelcova.cz\/wp-content\/uploads\/2020\/11\/PGHoPj8i_400x400.jpg\" alt=\"\" class=\"wp-image-645\" srcset=\"https:\/\/www.mudrsmelcova.cz\/wp-content\/uploads\/2020\/11\/PGHoPj8i_400x400.jpg 139w, https:\/\/www.mudrsmelcova.cz\/wp-content\/uploads\/2020\/11\/PGHoPj8i_400x400-75x75.jpg 75w, https:\/\/www.mudrsmelcova.cz\/wp-content\/uploads\/2020\/11\/PGHoPj8i_400x400-115x116.jpg 115w\" sizes=\"auto, (max-width: 139px) 100vw, 139px\" \/><\/figure>\n\n\n\n<p><\/p>\n\n\n\n<div class=\"wp-block-buttons is-layout-flex wp-block-buttons-is-layout-flex\">\n<div class=\"wp-block-button is-style-outline is-style-outline--1\"><a class=\"wp-block-button__link has-vivid-green-cyan-color has-text-color has-background wp-element-button\" href=\"https:\/\/www.sestraemmy.cz\/smelcova\" style=\"background-color:#3d56a2\" target=\"_blank\" rel=\"noreferrer noopener\"><strong>Online objedn\u00e1n\u00ed k l\u00e9ka\u0159i: KLIKNI ZDE<\/strong><\/a><\/div>\n<\/div>\n\n\n\n<p><\/p>\n","protected":false},"excerpt":{"rendered":"<p>Dymokury: 1.m\u00e1je 99, 289 01 Dymokurytelefon: 325 635 120E-mail:&nbsp;drsmelcova@gmail.com Pokud pot\u0159ebujete p\u0159edepsat l\u00e9ky, napi\u0161te n\u00e1m na n\u00e1\u0161 email: drsmelcova@gmail.com<\/p>\n","protected":false},"author":1,"featured_media":0,"parent":0,"menu_order":0,"comment_status":"closed","ping_status":"closed","template":"","meta":{"footnotes":""},"class_list":["post-63","page","type-page","status-publish","hentry"],"_links":{"self":[{"href":"https:\/\/www.mudrsmelcova.cz\/index.php?rest_route=\/wp\/v2\/pages\/63","targetHints":{"allow":["GET"]}}],"collection":[{"href":"https:\/\/www.mudrsmelcova.cz\/index.php?rest_route=\/wp\/v2\/pages"}],"about":[{"href":"https:\/\/www.mudrsmelcova.cz\/index.php?rest_route=\/wp\/v2\/types\/page"}],"author":[{"embeddable":true,"href":"https:\/\/www.mudrsmelcova.cz\/index.php?rest_route=\/wp\/v2\/users\/1"}],"replies":[{"embeddable":true,"href":"https:\/\/www.mudrsmelcova.cz\/index.php?rest_route=%2Fwp%2Fv2%2Fcomments&post=63"}],"version-history":[{"count":24,"href":"https:\/\/www.mudrsmelcova.cz\/index.php?rest_route=\/wp\/v2\/pages\/63\/revisions"}],"predecessor-version":[{"id":1252,"href":"https:\/\/www.mudrsmelcova.cz\/index.php?rest_route=\/wp\/v2\/pages\/63\/revisions\/1252"}],"wp:attachment":[{"href":"https:\/\/www.mudrsmelcova.cz\/index.php?rest_route=%2Fwp%2Fv2%2Fmedia&parent=63"}],"curies":[{"name":"wp","href":"https:\/\/api.w.org\/{rel}","templated":true}]}}