{"id":622,"date":"2020-11-12T23:58:56","date_gmt":"2020-11-12T22:58:56","guid":{"rendered":"https:\/\/www.mudrsmelcova.cz\/?page_id=622"},"modified":"2023-02-23T16:23:33","modified_gmt":"2023-02-23T15:23:33","slug":"objednani-do-ordinace","status":"publish","type":"page","link":"https:\/\/www.mudrsmelcova.cz\/?page_id=622","title":{"rendered":"Objedn\u00e1n\u00ed"},"content":{"rendered":"\n<p class=\"has-vivid-red-color has-text-color\"><strong>Pot\u0159ebujete vystavit recept? M\u00e1te zdravotn\u00ed pot\u00ed\u017ee? Pot\u0159ebujete objednat k prohl\u00eddce, o\u010dkov\u00e1n\u00ed&#8230;.. \u010di m\u00e1te jin\u00fd po\u017eadavek? Sestra EMMY je zde p\u0159ipravena V\u00e1m i n\u00e1m se v\u0161\u00edm pomoci, sta\u010d\u00ed kliknou na odkaz n\u00ed\u017ee.<\/strong><\/p>\n\n\n\n<div class=\"wp-block-buttons is-layout-flex wp-block-buttons-is-layout-flex\">\n<div class=\"wp-block-button is-style-outline is-style-outline--1\"><a class=\"wp-block-button__link has-vivid-green-cyan-color has-text-color has-background wp-element-button\" href=\"https:\/\/www.sestraemmy.cz\/smelcova\" style=\"background-color:#3d56a2\" target=\"_blank\" rel=\"noreferrer noopener\"><strong>Objedn\u00e1n\u00ed MUDr. \u0160melcov\u00e1<\/strong><\/a><\/div>\n<\/div>\n\n\n\n<p><\/p>\n\n\n\n<p class=\"has-vivid-red-color has-text-color\"><strong>Podrobn\u00fd n\u00e1vod k vytvo\u0159en\u00ed registrace do Emmy<\/strong><\/p>\n\n\n\n<p><\/p>\n\n\n\n<ol class=\"wp-block-list\">\n<li><strong><em>Na prvn\u00ed obrazovce klikn\u011bte na horn\u00ed tla\u010d\u00edtko VYTVO\u0158IT P\u0158\u00cdSTUP<\/em><\/strong><\/li>\n<\/ol>\n\n\n\n<figure class=\"wp-block-image size-large\"><img loading=\"lazy\" decoding=\"async\" width=\"1024\" height=\"498\" src=\"https:\/\/www.mudrsmelcova.cz\/wp-content\/uploads\/2023\/02\/Obr_1-1-1024x498.jpg\" alt=\"\" class=\"wp-image-1120\" srcset=\"https:\/\/www.mudrsmelcova.cz\/wp-content\/uploads\/2023\/02\/Obr_1-1-1024x498.jpg 1024w, https:\/\/www.mudrsmelcova.cz\/wp-content\/uploads\/2023\/02\/Obr_1-1-300x146.jpg 300w, https:\/\/www.mudrsmelcova.cz\/wp-content\/uploads\/2023\/02\/Obr_1-1-768x373.jpg 768w, https:\/\/www.mudrsmelcova.cz\/wp-content\/uploads\/2023\/02\/Obr_1-1-1536x747.jpg 1536w, https:\/\/www.mudrsmelcova.cz\/wp-content\/uploads\/2023\/02\/Obr_1-1-228x111.jpg 228w, https:\/\/www.mudrsmelcova.cz\/wp-content\/uploads\/2023\/02\/Obr_1-1.jpg 1894w\" sizes=\"auto, (max-width: 1024px) 100vw, 1024px\" \/><\/figure>\n\n\n\n<p class=\"has-vivid-red-color has-text-color\">      2.  <strong><em>Na druh\u00e9 obrazovce vypl\u0148te v\u0161echny \u010dty\u0159i b\u00edl\u00e1 pole:<\/em><\/strong><\/p>\n\n\n\n<ul class=\"wp-block-list\">\n<li><strong>E-mail: zde vypl\u0148te Va\u0161i skute\u010dnou e-mailovou adresu<\/strong><\/li>\n\n\n\n<li><strong>Va\u0161e jm\u00e9no: Uve\u010fte jm\u00e9no registrovan\u00e9ho pacienta<\/strong><\/li>\n\n\n\n<li><strong>Va\u0161e p\u0159\u00edjmen\u00ed: Uve\u010fte p\u0159\u00edjmen\u00ed registrovan\u00e9ho pacienta<\/strong><\/li>\n\n\n\n<li><strong>Zvolte si heslo: Zde si VYTVO\u0158TE zcela nov\u00e9 heslo, kter\u00fdm se budete opakovan\u011b do Emmy p\u0159ihla\u0161ovat<\/strong><\/li>\n<\/ul>\n\n\n\n<figure class=\"wp-block-image size-large\"><img loading=\"lazy\" decoding=\"async\" width=\"1024\" height=\"765\" src=\"https:\/\/www.mudrsmelcova.cz\/wp-content\/uploads\/2023\/02\/Obr_udaje-1-1024x765.jpg\" alt=\"\" class=\"wp-image-1121\" srcset=\"https:\/\/www.mudrsmelcova.cz\/wp-content\/uploads\/2023\/02\/Obr_udaje-1-1024x765.jpg 1024w, https:\/\/www.mudrsmelcova.cz\/wp-content\/uploads\/2023\/02\/Obr_udaje-1-300x224.jpg 300w, https:\/\/www.mudrsmelcova.cz\/wp-content\/uploads\/2023\/02\/Obr_udaje-1-768x574.jpg 768w, https:\/\/www.mudrsmelcova.cz\/wp-content\/uploads\/2023\/02\/Obr_udaje-1-155x116.jpg 155w, https:\/\/www.mudrsmelcova.cz\/wp-content\/uploads\/2023\/02\/Obr_udaje-1.jpg 1205w\" sizes=\"auto, (max-width: 1024px) 100vw, 1024px\" \/><\/figure>\n\n\n\n<p><\/p>\n\n\n\n<p class=\"has-vivid-red-color has-text-color\"><strong>3.  <em>Nyn\u00ed V\u00e1m p\u0159i\u0161el do Va\u0161eho e-mailu ov\u011b\u0159ovac\u00ed k\u00f3d:<\/em><\/strong><\/p>\n\n\n\n<figure class=\"wp-block-image size-full\"><img loading=\"lazy\" decoding=\"async\" width=\"627\" height=\"248\" src=\"https:\/\/www.mudrsmelcova.cz\/wp-content\/uploads\/2023\/02\/Obr_kod-1.jpg\" alt=\"\" class=\"wp-image-1122\" srcset=\"https:\/\/www.mudrsmelcova.cz\/wp-content\/uploads\/2023\/02\/Obr_kod-1.jpg 627w, https:\/\/www.mudrsmelcova.cz\/wp-content\/uploads\/2023\/02\/Obr_kod-1-300x119.jpg 300w, https:\/\/www.mudrsmelcova.cz\/wp-content\/uploads\/2023\/02\/Obr_kod-1-228x90.jpg 228w\" sizes=\"auto, (max-width: 627px) 100vw, 627px\" \/><\/figure>\n\n\n\n<p class=\"has-vivid-red-color has-text-color\"><strong>4. <em>K\u00f3d, kter\u00fd V\u00e1m p\u0159i\u0161el do e-mailu n\u00e1sledn\u011b vlo\u017e\u00edte do obrazovky: Potvrdit zalo\u017een\u00ed p\u0159\u00edstupu a stisknete tla\u010d\u00edtko POTVRDIT:<\/em><\/strong><\/p>\n\n\n\n<figure class=\"wp-block-image size-large\"><img loading=\"lazy\" decoding=\"async\" width=\"1024\" height=\"710\" src=\"https:\/\/www.mudrsmelcova.cz\/wp-content\/uploads\/2023\/02\/Obr_overeni-kodu-1-1024x710.jpg\" alt=\"\" class=\"wp-image-1123\" srcset=\"https:\/\/www.mudrsmelcova.cz\/wp-content\/uploads\/2023\/02\/Obr_overeni-kodu-1-1024x710.jpg 1024w, https:\/\/www.mudrsmelcova.cz\/wp-content\/uploads\/2023\/02\/Obr_overeni-kodu-1-300x208.jpg 300w, https:\/\/www.mudrsmelcova.cz\/wp-content\/uploads\/2023\/02\/Obr_overeni-kodu-1-768x533.jpg 768w, https:\/\/www.mudrsmelcova.cz\/wp-content\/uploads\/2023\/02\/Obr_overeni-kodu-1-167x116.jpg 167w, https:\/\/www.mudrsmelcova.cz\/wp-content\/uploads\/2023\/02\/Obr_overeni-kodu-1.jpg 1329w\" sizes=\"auto, (max-width: 1024px) 100vw, 1024px\" \/><\/figure>\n\n\n\n<p><\/p>\n\n\n\n<p class=\"has-vivid-red-color has-text-color\"><strong>5. Posledn\u00ed obrazovka. P\u0159ihl\u00e1sit se do Emmy. Zde ji\u017e vlo\u017e\u00edte: SV\u00c9 VYTVO\u0158EN\u00c9 HESLO z\u00a0druh\u00e9 obrazovky, kter\u00fdm se budete opakovan\u011b p\u0159ihla\u0161ovat do Emmy a sv\u016fj e-mail.<\/strong><\/p>\n\n\n\n<p><\/p>\n\n\n\n<figure class=\"wp-block-image size-large\"><img loading=\"lazy\" decoding=\"async\" width=\"1024\" height=\"765\" src=\"https:\/\/www.mudrsmelcova.cz\/wp-content\/uploads\/2023\/02\/Obr_finalni-kod-1-1024x765.jpg\" alt=\"\" class=\"wp-image-1124\" srcset=\"https:\/\/www.mudrsmelcova.cz\/wp-content\/uploads\/2023\/02\/Obr_finalni-kod-1-1024x765.jpg 1024w, https:\/\/www.mudrsmelcova.cz\/wp-content\/uploads\/2023\/02\/Obr_finalni-kod-1-300x224.jpg 300w, https:\/\/www.mudrsmelcova.cz\/wp-content\/uploads\/2023\/02\/Obr_finalni-kod-1-768x574.jpg 768w, https:\/\/www.mudrsmelcova.cz\/wp-content\/uploads\/2023\/02\/Obr_finalni-kod-1-155x116.jpg 155w, https:\/\/www.mudrsmelcova.cz\/wp-content\/uploads\/2023\/02\/Obr_finalni-kod-1.jpg 1238w\" sizes=\"auto, (max-width: 1024px) 100vw, 1024px\" \/><\/figure>\n\n\n\n<p><strong>To je v\u0161e<\/strong><\/p>\n","protected":false},"excerpt":{"rendered":"<p>Pot\u0159ebujete vystavit recept? M\u00e1te zdravotn\u00ed pot\u00ed\u017ee? Pot\u0159ebujete objednat k prohl\u00eddce, o\u010dkov\u00e1n\u00ed&#8230;.. \u010di m\u00e1te jin\u00fd po\u017eadavek? Sestra EMMY je zde p\u0159ipravena V\u00e1m i n\u00e1m se v\u0161\u00edm pomoci, sta\u010d\u00ed kliknou na odkaz n\u00ed\u017ee. Podrobn\u00fd n\u00e1vod k vytvo\u0159en\u00ed registrace do Emmy 2. Na druh\u00e9 obrazovce vypl\u0148te v\u0161echny \u010dty\u0159i b\u00edl\u00e1 pole: 3. Nyn\u00ed V\u00e1m p\u0159i\u0161el do Va\u0161eho e-mailu ov\u011b\u0159ovac\u00ed [&hellip;]<\/p>\n","protected":false},"author":1,"featured_media":0,"parent":0,"menu_order":0,"comment_status":"closed","ping_status":"closed","template":"","meta":{"footnotes":""},"class_list":["post-622","page","type-page","status-publish","hentry"],"_links":{"self":[{"href":"https:\/\/www.mudrsmelcova.cz\/index.php?rest_route=\/wp\/v2\/pages\/622","targetHints":{"allow":["GET"]}}],"collection":[{"href":"https:\/\/www.mudrsmelcova.cz\/index.php?rest_route=\/wp\/v2\/pages"}],"about":[{"href":"https:\/\/www.mudrsmelcova.cz\/index.php?rest_route=\/wp\/v2\/types\/page"}],"author":[{"embeddable":true,"href":"https:\/\/www.mudrsmelcova.cz\/index.php?rest_route=\/wp\/v2\/users\/1"}],"replies":[{"embeddable":true,"href":"https:\/\/www.mudrsmelcova.cz\/index.php?rest_route=%2Fwp%2Fv2%2Fcomments&post=622"}],"version-history":[{"count":17,"href":"https:\/\/www.mudrsmelcova.cz\/index.php?rest_route=\/wp\/v2\/pages\/622\/revisions"}],"predecessor-version":[{"id":1125,"href":"https:\/\/www.mudrsmelcova.cz\/index.php?rest_route=\/wp\/v2\/pages\/622\/revisions\/1125"}],"wp:attachment":[{"href":"https:\/\/www.mudrsmelcova.cz\/index.php?rest_route=%2Fwp%2Fv2%2Fmedia&parent=622"}],"curies":[{"name":"wp","href":"https:\/\/api.w.org\/{rel}","templated":true}]}}