{"id":232,"date":"2020-10-01T09:07:50","date_gmt":"2020-10-01T07:07:50","guid":{"rendered":"https:\/\/www.mudrsmelcova.cz\/?page_id=232"},"modified":"2022-05-13T10:43:25","modified_gmt":"2022-05-13T08:43:25","slug":"o-nas","status":"publish","type":"page","link":"https:\/\/www.mudrsmelcova.cz\/?page_id=232","title":{"rendered":"O n\u00e1s"},"content":{"rendered":"\n<p><mark style=\"background-color:rgba(0, 0, 0, 0)\" class=\"has-inline-color has-black-color\"><strong>N<\/strong>a\u0161im pacient\u016fm nab\u00edz\u00edme jin\u00fd p\u0159\u00edstup, ne\u017e je obvykl\u00fdm standardem. <strong>,,Na\u0161e motto: Praktick\u00fd l\u00e9ka\u0159 s nadstandardn\u00edm <strong>a up\u0159\u00edmn\u00fdm<\/strong> p\u0159\u00edstupem&#8221;<\/strong> Klademe d\u016fraz nejen na vysokou odbornou \u00farove\u0148 na\u0161\u00ed p\u00e9\u010de, ale velice n\u00e1m z\u00e1le\u017e\u00ed tak\u00e9 na tom, aby se u n\u00e1s pacient c\u00edtil dob\u0159e a abychom s n\u00edm nav\u00e1zali vztah zalo\u017een\u00fd na d\u016fv\u011b\u0159e a respektu. Jsme zvykl\u00ed naslouchat a podrobn\u011b V\u00e1s informovat o va\u0161em zdravotn\u00edm stavu i o mo\u017enostech l\u00e9\u010dby. Laskav\u00fd a up\u0159\u00edmn\u00fd p\u0159\u00edstup l\u00e9ka\u0159e dok\u00e1\u017ee \u010dasto l\u00e9\u010dit \u00fa\u010dinn\u011bji ne\u017e nejmodern\u011bj\u0161\u00ed p\u0159\u00edstroje.<\/mark>  <\/p>\n\n\n\n<div class=\"wp-block-cover\"><span aria-hidden=\"true\" class=\"wp-block-cover__gradient-background has-background-dim\"><\/span><img loading=\"lazy\" decoding=\"async\" width=\"2560\" height=\"1427\" class=\"wp-block-cover__image-background wp-image-268\" alt=\"\" src=\"https:\/\/www.mudrsmelcova.cz\/wp-content\/uploads\/2020\/10\/cardiac-pulse-4240338-scaled.jpg\" data-object-fit=\"cover\" srcset=\"https:\/\/www.mudrsmelcova.cz\/wp-content\/uploads\/2020\/10\/cardiac-pulse-4240338-scaled.jpg 2560w, https:\/\/www.mudrsmelcova.cz\/wp-content\/uploads\/2020\/10\/cardiac-pulse-4240338-300x167.jpg 300w, https:\/\/www.mudrsmelcova.cz\/wp-content\/uploads\/2020\/10\/cardiac-pulse-4240338-1024x571.jpg 1024w, https:\/\/www.mudrsmelcova.cz\/wp-content\/uploads\/2020\/10\/cardiac-pulse-4240338-768x428.jpg 768w, https:\/\/www.mudrsmelcova.cz\/wp-content\/uploads\/2020\/10\/cardiac-pulse-4240338-1536x856.jpg 1536w, https:\/\/www.mudrsmelcova.cz\/wp-content\/uploads\/2020\/10\/cardiac-pulse-4240338-2048x1141.jpg 2048w, https:\/\/www.mudrsmelcova.cz\/wp-content\/uploads\/2020\/10\/cardiac-pulse-4240338-208x116.jpg 208w\" sizes=\"auto, (max-width: 2560px) 100vw, 2560px\" \/><div class=\"wp-block-cover__inner-container is-layout-flow wp-block-cover-is-layout-flow\">\n<p class=\"has-text-align-center has-large-font-size\">E K G<\/p>\n<\/div><\/div>\n\n\n\n<p>          L\u00e9\u010d\u00edme akutn\u00ed a chronick\u00e1 onemocn\u011bn\u00ed, poskytujeme preventivn\u00ed p\u00e9\u010di se zam\u011b\u0159en\u00edm na prevenci civiliza\u010dn\u00edch, n\u00e1dorov\u00fdch onemocn\u011bn\u00ed a vzd\u011bl\u00e1v\u00e1me lidi v oblasti zdrav\u00ed. V na\u0161\u00ed ordinaci prov\u00e1d\u00edme vy\u0161et\u0159en\u00ed CRP, Streptestu, Hemocultu a dal\u0161\u00ed diagnostick\u00e1 vy\u0161et\u0159en\u00ed. O\u010dkujeme proti (ch\u0159ipce, tetanu, hepatitid\u011b, kl\u00ed\u0161\u0165ov\u00e9 encefalitid\u011b a dal\u0161\u00edm). Tak\u00e9 V\u00e1m provedeme vy\u0161et\u0159en\u00ed pro V\u00e1\u0161 nov\u00fd \u0159idi\u010dsk\u00fd pr\u016fkaz, zbrojn\u00ed pas, p\u0159ihl\u00e1\u0161ky ke studiu na V\u0160 atd. V p\u0159\u00edpad\u011b nutnosti, po \u0159\u00e1dn\u00e9 konzultaci, mo\u017enost v\u00fdjezdu l\u00e9ka\u0159e k pacientovi dom\u016f. Praktick\u00e9 l\u00e9ka\u0159stv\u00ed je obor l\u00e9ka\u0159sk\u00e9 p\u00e9\u010de zam\u011b\u0159en\u00fd prim\u00e1rn\u011b na p\u00e9\u010di o dosp\u011bl\u00e9 pacienty, tak se poj\u010fme k sob\u011b chovat s respektem.<\/p>\n","protected":false},"excerpt":{"rendered":"<p>Na\u0161im pacient\u016fm nab\u00edz\u00edme jin\u00fd p\u0159\u00edstup, ne\u017e je obvykl\u00fdm standardem. ,,Na\u0161e motto: Praktick\u00fd l\u00e9ka\u0159 s nadstandardn\u00edm a up\u0159\u00edmn\u00fdm p\u0159\u00edstupem&#8221; Klademe d\u016fraz nejen na vysokou odbornou \u00farove\u0148 na\u0161\u00ed p\u00e9\u010de, ale velice n\u00e1m z\u00e1le\u017e\u00ed tak\u00e9 na tom, aby se u n\u00e1s pacient c\u00edtil dob\u0159e a abychom s n\u00edm nav\u00e1zali vztah zalo\u017een\u00fd na d\u016fv\u011b\u0159e a respektu. Jsme zvykl\u00ed naslouchat [&hellip;]<\/p>\n","protected":false},"author":1,"featured_media":0,"parent":0,"menu_order":0,"comment_status":"closed","ping_status":"closed","template":"","meta":{"footnotes":""},"class_list":["post-232","page","type-page","status-publish","hentry"],"_links":{"self":[{"href":"https:\/\/www.mudrsmelcova.cz\/index.php?rest_route=\/wp\/v2\/pages\/232","targetHints":{"allow":["GET"]}}],"collection":[{"href":"https:\/\/www.mudrsmelcova.cz\/index.php?rest_route=\/wp\/v2\/pages"}],"about":[{"href":"https:\/\/www.mudrsmelcova.cz\/index.php?rest_route=\/wp\/v2\/types\/page"}],"author":[{"embeddable":true,"href":"https:\/\/www.mudrsmelcova.cz\/index.php?rest_route=\/wp\/v2\/users\/1"}],"replies":[{"embeddable":true,"href":"https:\/\/www.mudrsmelcova.cz\/index.php?rest_route=%2Fwp%2Fv2%2Fcomments&post=232"}],"version-history":[{"count":4,"href":"https:\/\/www.mudrsmelcova.cz\/index.php?rest_route=\/wp\/v2\/pages\/232\/revisions"}],"predecessor-version":[{"id":964,"href":"https:\/\/www.mudrsmelcova.cz\/index.php?rest_route=\/wp\/v2\/pages\/232\/revisions\/964"}],"wp:attachment":[{"href":"https:\/\/www.mudrsmelcova.cz\/index.php?rest_route=%2Fwp%2Fv2%2Fmedia&parent=232"}],"curies":[{"name":"wp","href":"https:\/\/api.w.org\/{rel}","templated":true}]}}